{"id":11096,"date":"2021-11-18T09:20:51","date_gmt":"2021-11-18T08:20:51","guid":{"rendered":"https:\/\/urbanproject-sa.ch\/kontakt\/"},"modified":"2025-03-26T13:26:15","modified_gmt":"2025-03-26T12:26:15","slug":"kontakt","status":"publish","type":"page","link":"https:\/\/urbanproject-sa.ch\/de\/kontakt\/","title":{"rendered":"KONTAKT"},"content":{"rendered":"\n\n\t\t<h2>\n\t\t\t\n\t\t<\/h2>\n\t\t\t<br \/>\n\tGEN\u00c8VE<br \/>\n<strong>Urban project sa<\/strong><br \/>\nAvenue de l&#8217;\u00c9tang 69<br \/>\nCH-1219 Ch\u00e2telaine\n\t\t\t<a href=\"https:\/\/urbanproject-sa.ch\/wp-content\/uploads\/2025\/03\/UP_plans_acces_bureaux_DEF_QE.pdf\" title=\"Click Here\" target=\"_self\" role=\"button\" aria-label=\"Zugang\" rel=\"noopener\">\n\t\t\t\t\t\t\tZugang\n\t\t<\/a>\n\t<p><a href=\"tel:+41223189810\"><strong>+41 (0)22 318 98 10<\/strong><\/a><\/p>\n\t\t\t\t<img loading=\"lazy\" decoding=\"async\" src=\"https:\/\/urbanproject-sa.ch\/wp-content\/uploads\/2024\/06\/footerurbann.jpeg\" alt=\"footerurbann\" itemprop=\"image\" height=\"200\" width=\"476\" title=\"footerurbann\" onerror=\"this.style.display='none'\"  \/>\n\tBULLE<br \/>\n<strong>Urban project sa<\/strong><br \/>\n Rue de Vevey 246<br \/>\nCh-1630 Bulle\n\t\t\t<a href=\"https:\/\/urbanproject-sa.ch\/wp-content\/uploads\/2025\/03\/UP_plans_acces_bureaux_DEF_BULLE.pdf\" title=\"Click Here\" target=\"_self\" role=\"button\" aria-label=\"Zugang\" rel=\"noopener\">\n\t\t\t\t\t\t\tZugang\n\t\t<\/a>\n\t<p><a href=\"tel:+41269129810\"><strong>+41 (0)26 912 98 10<\/strong><\/a><\/p>\n\t\t\t\t<img decoding=\"async\" src=\"https:\/\/urbanproject-sa.ch\/wp-content\/uploads\/2021\/06\/urbanproject_contact_img_02.jpg\" alt=\"urbanproject contact\" itemprop=\"image\" title=\"urbanproject contact\" onerror=\"this.style.display='none'\"  \/>\n<h2>\n\t\tFolgen Sie uns auf\n\t<\/h2>\n<h2>\n\t\tKARRIERE\n\t<\/h2>\n\t<p>Seine kontinuierliche Weiterentwicklung verdankt Urban Project SA der Dynamik seiner Projekte in der Schweiz und dem Erfolg des Unternehmens in seiner t\u00e4glichen Arbeit.<\/p>\n\t<p>F\u00fcr Initiativbewerbungen senden Sie bitte Ihre vollst\u00e4ndigen Unterlagen an <strong><a href=\"mailto:rh@urbanproject-sa.ch\" target=\"_blank\" rel=\"noopener\">rh@urbanproject-<wbr \/>sa.ch<\/a>.<\/strong><\/p>\n\t<p>Bitte f\u00fcllen Sie f\u00fcr Ihre Anfragen das unten stehende Kontaktformular aus.<\/p>\n\t<p>Bitte f\u00fcllen Sie f\u00fcr Ihre Anfragen das unten stehende Kontaktformular aus.<\/p>\n\n","protected":false},"excerpt":{"rendered":"<p>GEN\u00c8VE Urban project sa Avenue de l&#8217;\u00c9tang 69 CH-1219 Ch\u00e2telaine Zugang +41 (0)22 318 98 10 BULLE Urban project sa Rue de Vevey 246 Ch-1630 Bulle Zugang +41 (0)26 912 98 10 Folgen Sie uns auf KARRIERE Seine kontinuierliche Weiterentwicklung verdankt Urban Project SA der Dynamik seiner Projekte in der Schweiz und dem Erfolg des&hellip;<\/p>\n","protected":false},"author":3,"featured_media":0,"parent":0,"menu_order":0,"comment_status":"closed","ping_status":"closed","template":"","meta":{"_acf_changed":false,"inline_featured_image":false,"footnotes":""},"class_list":["post-11096","page","type-page","status-publish","hentry"],"acf":[],"_links":{"self":[{"href":"https:\/\/urbanproject-sa.ch\/de\/wp-json\/wp\/v2\/pages\/11096","targetHints":{"allow":["GET"]}}],"collection":[{"href":"https:\/\/urbanproject-sa.ch\/de\/wp-json\/wp\/v2\/pages"}],"about":[{"href":"https:\/\/urbanproject-sa.ch\/de\/wp-json\/wp\/v2\/types\/page"}],"author":[{"embeddable":true,"href":"https:\/\/urbanproject-sa.ch\/de\/wp-json\/wp\/v2\/users\/3"}],"replies":[{"embeddable":true,"href":"https:\/\/urbanproject-sa.ch\/de\/wp-json\/wp\/v2\/comments?post=11096"}],"version-history":[{"count":11,"href":"https:\/\/urbanproject-sa.ch\/de\/wp-json\/wp\/v2\/pages\/11096\/revisions"}],"predecessor-version":[{"id":24441,"href":"https:\/\/urbanproject-sa.ch\/de\/wp-json\/wp\/v2\/pages\/11096\/revisions\/24441"}],"wp:attachment":[{"href":"https:\/\/urbanproject-sa.ch\/de\/wp-json\/wp\/v2\/media?parent=11096"}],"curies":[{"name":"wp","href":"https:\/\/api.w.org\/{rel}","templated":true}]}}