{"id":11095,"date":"2021-11-18T09:19:51","date_gmt":"2021-11-18T08:19:51","guid":{"rendered":"https:\/\/urbanproject-sa.ch\/expertise\/"},"modified":"2025-11-25T12:18:07","modified_gmt":"2025-11-25T11:18:07","slug":"expertise","status":"publish","type":"page","link":"https:\/\/urbanproject-sa.ch\/de\/expertise\/","title":{"rendered":"EXPERTISE"},"content":{"rendered":"\r\n<h2><\/h2>\r\n<p>UNSER METIER<\/p>\r\n<h2>VORENTWICKLUNG<\/h2>\r\n<p>Unsere Immobilienentwickler-Teams unterst\u00fctzen Sie bei der Analyse Ihres Projekts, dem Grundst\u00fcckserwerb und der Erstellung erster Leitbilder, um die f\u00fcr die Entwicklung Ihres Bauvorhabens erforderlichen Genehmigungen von den kommunalen und kantonalen Instanzen zu erhalten.<\/p>\r\n<p>Der Grundst\u00fcckswert ist das Schl\u00fcsselelement f\u00fcr den Erfolg Ihres Projekts. Er wird von unseren Teams gr\u00fcndlich analysiert und mit st\u00e4dtebaulichen Vorschl\u00e4gen versehen, damit der Wert Ihrer Grundst\u00fccke steigt.<\/p>\r\n<p>Die wichtigsten standortspezifischen Einschr\u00e4nkungen m\u00fcssen identifiziert und ber\u00fccksichtigt werden, um die Ressourcen f\u00fcr Ihr Projekt optimal zuzuweisen. Dank ihrer Expertise k\u00f6nnen Ihnen unserer Entwickler spezialisierte Auftragnehmer vorschlagen, die in der Lage sind, die Besonderheiten des Bauprogramms und die geltenden Vorschriften zu ber\u00fccksichtigen.<\/p>\r\n<p>Da sich die Analyse des Status quo der \u00f6rtlichen Vorschriften von Tag zu Tag \u00e4ndern kann, beraten wir Sie zu den spezifischen Schritten, die Sie unternehmen m\u00fcssen.<\/p>\r\n<h2>PROJEKTVORBEREITUNG<\/h2>\r\n<p>Ganz gleich, ob Sie das gew\u00fcnschte Grundst\u00fcck bereits erworben haben oder ob sich Ihr Projekt noch in der Entstehungsphase befindet &#8211; wir k\u00f6nnen jederzeit eingreifen, Ihr Programm \u00fcberwachen und einen Aktionsplan vorlegen, um die unternommenen Schritte zu best\u00e4tigen oder zu verwerfen.<\/p>\r\n<p>Je nach Entwicklungsstand des Prozesses sind wir in der Lage, fach\u00fcbergreifende Auftragnehmerteams zusammenzustellen und die notwendigen Ausschreibungen, insbesondere f\u00fcr Architekten, durchzuf\u00fchren. Je nach Ihren Zeit- und Kostenvorgaben und der Art Ihrer Ambitionen k\u00f6nnen wir die besten L\u00f6sungen vorschlagen, um Ihr Projekt zu konkretisieren, etwa durch eine klassische Entwicklung, einen Architekturwettbewerb, einen Studienauftrag oder einen Ideenwettbewerb. Auf der Grundlage der Ergebnisse dieser Schritte kann daraufhin ein Antrag auf Vorabgenehmigung gestellt werden, um die Zustimmung der Beh\u00f6rden zu erhalten.<\/p>\r\n<p>Dank unserer Erfahrung in der <a href=\"https:\/\/urbanproject-sa.ch\/de\/stadtteilplaene\/\">Gestaltung von Quartierpl\u00e4nen<\/a> in der ganzen Schweiz und speziell in der Romandie erm\u00f6glichen wir es Ihnen, die offizielle Genehmigung der zust\u00e4ndigen Beh\u00f6rden zu erhalten.<\/p>\r\n<h2>PROJEKT<\/h2>\r\n<p>Je nach geltenden Vorschriften und Besonderheiten Ihres Projekts verwenden wir in Zusammenarbeit mit unserer Bauabteilung die ersten Skizzen der Architekten, um sie in einen Antrag auf Baugenehmigung zu verwandeln. Wir f\u00fchren die notwendigen Studien durch und vertreten Ihre Interessen bei den Beh\u00f6rden.<\/p>\r\n<p>In dieser entscheidenden Phase f\u00fchren wir die Ausschreibungen f\u00fcr die Bauleitung und die Ingenieure durch und empfehlen Ihnen die passenden Organisationen f\u00fcr die Umsetzung Ihres Projekts: einen Generalunternehmer, getrennte Baugewerke oder eine hybride Organisation.<br \/>Durch die Interaktion zwischen Entwicklern und BauprojektleiterInnen in den SIA-Phasen 32, 41 und 52 kann das Budget gem\u00e4ss dem Finanzplan und unter Ber\u00fccksichtigung der aktuellsten Preisschwankungen auf dem Baumarkt festgelegt werden.<\/p>\r\n<p>All diese \u00dcberlegungen erm\u00f6glichen es uns, Ihnen optimale Bedingungen f\u00fcr den Beginn der Bauarbeiten Ihres Projekt zu bieten.<\/p>\r\n<h2>UMSETZUNG<\/h2>\r\n<p>Die Bauabteilung von Urban Project vertritt den Bauherrn und unterst\u00fctzt ihn w\u00e4hrend des gesamten Bauprozesses bei seinen Aufgaben. Sie steuert, beaufsichtigt, koordiniert und f\u00fchrt die Arbeiten je nach gew\u00e4hlter Vergabeart aus (Totalunternehmer, Bauleitung oder sogar Generalunternehmer unter der Aufsicht von Urban Project). Sobald das Lastenheft festgelegt ist, werden je nach gew\u00e4hlter Vertragsart Ausschreibungen bei den Unternehmen durchgef\u00fchrt.<\/p>\r\n<p>Unsere Qualit\u00e4tsanspr\u00fcche \u00e4ussern sich in einer systematischen Validierung der f\u00fcr das Bauwerk verwendeten Materialien gem\u00e4ss den W\u00fcnschen des Bautr\u00e4gers. Zudem erforschen wir gerne neue Gebiete und Materialien, halten uns dabei jedoch an ein striktes Projektmanagement, indem wir insbesondere die Kosten kontrollieren und die vorgegebenen Budgets einhalten.<\/p>\r\n<p>Durch eine kontinuierliche, fach\u00fcbergreifende Zusammenarbeit zwischen den Beteiligten sind wir in der Lage, die Planung, Umsetzung und Koordination mit den staatlichen Stellen sowie die \u00dcberwachung des Baufortschritts zu optimieren.<\/p>\r\n<p>Nach Abschluss Ihrer Arbeiten wird dem Bautr\u00e4ger durch die \u00dcberpr\u00fcfung der Enddokumentation eine kontrollierte Baustelle gew\u00e4hrleistet.<\/p>\r\n<h2>ABNAHME<\/h2>\r\n<p>Seit seinen Anf\u00e4ngen bildet Urban Project exzellente \u201eAbnehmer&#8220; aus. Unsere Bauabnahme-Teams haben eigene leistungsf\u00e4hige Instrumente f\u00fcr eine qualitativ hochwertige \u00dcberwachung entwickelt, die unabh\u00e4ngig von der Komplexit\u00e4t und Gr\u00f6sse des Projekts f\u00fcr eine sichere \u00dcbergabe des Bauwerks sorgen. Mit uns ist die Abnahme Ihres fertigen Bauprojekts niemals eine belastende Phase.<\/p>\r\n<p>Wir k\u00fcmmern uns um alle Aspekte, damit Sie keine b\u00f6sen \u00dcberraschungen erleben. Unsere SIA-Experten pr\u00fcfen m\u00f6gliche Fehler und Baum\u00e4ngel bis in jede Einzelheit und handeln im Rahmen der Werkgarantie in manchen F\u00e4llen auch noch 2 Jahre nach der Abnahme.<\/p>\r\n<h2>AUFWERTUNG UND VERMARKTUNG<\/h2>\r\n<p>Die Vertriebsmanager von <a href=\"https:\/\/urbanproject-sa.ch\/de\/unternehmen\/\">Urban Project<\/a> beraten Sie und koordinieren die Innen- und Aussenraumgestaltung, die verschiedenen Genehmigungen und alle Arten von Arbeiten f\u00fcr Ihre Gesch\u00e4ftsfl\u00e4chen.<\/p>\r\n<p>Wir entwickeln gemeinsam dank einer pers\u00f6nlichen Betreuung umfassende Standortstrategien bis hin zur \u00dcbergabe der R\u00e4umlichkeiten an die K\u00e4ufer dieser Fl\u00e4chen.<\/p>\r\n","protected":false},"excerpt":{"rendered":"<p>UNSER METIER VORENTWICKLUNG Unsere Immobilienentwickler-Teams unterst\u00fctzen Sie bei der Analyse Ihres Projekts, dem Grundst\u00fcckserwerb und der Erstellung erster Leitbilder, um die f\u00fcr die Entwicklung Ihres Bauvorhabens erforderlichen Genehmigungen von den kommunalen und kantonalen Instanzen zu erhalten. Der Grundst\u00fcckswert ist das Schl\u00fcsselelement f\u00fcr den Erfolg Ihres Projekts. Er wird von unseren Teams gr\u00fcndlich analysiert und mit&hellip;<\/p>\n","protected":false},"author":3,"featured_media":0,"parent":0,"menu_order":0,"comment_status":"closed","ping_status":"closed","template":"","meta":{"_acf_changed":false,"inline_featured_image":false,"footnotes":""},"class_list":["post-11095","page","type-page","status-publish","hentry"],"acf":[],"_links":{"self":[{"href":"https:\/\/urbanproject-sa.ch\/de\/wp-json\/wp\/v2\/pages\/11095","targetHints":{"allow":["GET"]}}],"collection":[{"href":"https:\/\/urbanproject-sa.ch\/de\/wp-json\/wp\/v2\/pages"}],"about":[{"href":"https:\/\/urbanproject-sa.ch\/de\/wp-json\/wp\/v2\/types\/page"}],"author":[{"embeddable":true,"href":"https:\/\/urbanproject-sa.ch\/de\/wp-json\/wp\/v2\/users\/3"}],"replies":[{"embeddable":true,"href":"https:\/\/urbanproject-sa.ch\/de\/wp-json\/wp\/v2\/comments?post=11095"}],"version-history":[{"count":3,"href":"https:\/\/urbanproject-sa.ch\/de\/wp-json\/wp\/v2\/pages\/11095\/revisions"}],"predecessor-version":[{"id":26526,"href":"https:\/\/urbanproject-sa.ch\/de\/wp-json\/wp\/v2\/pages\/11095\/revisions\/26526"}],"wp:attachment":[{"href":"https:\/\/urbanproject-sa.ch\/de\/wp-json\/wp\/v2\/media?parent=11095"}],"curies":[{"name":"wp","href":"https:\/\/api.w.org\/{rel}","templated":true}]}}